{"id":2193,"date":"2022-11-04T10:59:56","date_gmt":"2022-11-04T17:59:56","guid":{"rendered":"https:\/\/blogs.sd41.bc.ca\/ell\/?page_id=2193"},"modified":"2022-11-04T10:59:56","modified_gmt":"2022-11-04T17:59:56","slug":"faq-portuguese-2","status":"publish","type":"page","link":"https:\/\/blogs.sd41.bc.ca\/ell\/welcome-centre-procedures\/frequently-asked-questions\/faq-portuguese-2\/","title":{"rendered":"\u00a0Seja Bem-vindo au centro: perguntas comuns"},"content":{"rendered":"<p><strong>Porque estou aqui?<\/strong><\/p>\n<p>Essa avalia\u00e7\u00e3o servir\u00e1 para professoras saberem quanto seus filhos sabem ingl\u00eas.<\/p>\n<p>&nbsp;<\/p>\n<p><strong>O que \u00e9 ELL?<\/strong><\/p>\n<p>ELL \u00e9 uma sigla para English Language Learning, ou aprendendo idioma ingl\u00eas<\/p>\n<p>&nbsp;<\/p>\n<p><strong>Em quanto tempo levara o meu filho para poder se comunicar em ingl\u00eas?<\/strong><\/p>\n<p>Em m\u00e9dia, demora aproximadamente 7 anos para falar ingl\u00eas fluentemente.<\/p>\n<p>Normalmente a l\u00edngua social \u00e9 mais f\u00e1cil aprender do que a l\u00edngua acad\u00eamica.<\/p>\n<p>&nbsp;<\/p>\n<p><strong>Qual \u00e9 a diferen\u00e7a entre l\u00edngua social e a l\u00edngua acad\u00eamica ?<\/strong><\/p>\n<p>A l\u00edngua social \u00e9 a linguagem que usamos no nosso quotidiano, e a l\u00edngua que usamos com nossos familiares e amigos.<\/p>\n<p>A l\u00edngua acad\u00eamica \u00e9 a que usamos na sala de aula para ler e escrever.<\/p>\n<p>&nbsp;<\/p>\n<p><strong>Porque que \u00e9 importante continuar usar e falar sua l\u00edngua nativa em casa?<\/strong><\/p>\n<p>Praticando sua l\u00edngua nativa em casa ajudaria apoiar as habilidades da linguagem de seu filho. Isso tamb\u00e9m poder ajudar a aprender outros idiomas, por exemplo, ingl\u00eas.\u00a0 Mas importante ainda, manter a sua linguagem nativa ajudara seu filho a se preservar a pr\u00f3pria cultura, e manter\u00a0 conex\u00e3o com o seus parentes.<\/p>\n<p>&nbsp;<\/p>\n<p><strong>Como eu posso ajudar meu filho aprender o idioma ingl\u00eas em casa?<\/strong><\/p>\n<p>Voc\u00ea pode ajudar seu filho por continuar falar sua l\u00edngua nativa em casa.\u00a0 E tamb\u00e9m, dependente da idade do seu filho e do seu n\u00edvel de ingl\u00eas, voc\u00eas podem ler juntos livros bil\u00edngues.<\/p>\n<p>Voc\u00ea pode encontrar livros bil\u00edngues para iniciantes nesse site www.storybookscanada.ca.<\/p>\n<p>A biblioteca p\u00fablica de Burnaby tamb\u00e9m tem uma \u00f3tima sele\u00e7\u00e3o de livros bil\u00edngues em v\u00e1rios idiomas.<\/p>\n<p><strong>\u00a0<\/strong><\/p>\n<p><strong>Quanto vezes ser\u00e1 meu filho avaliado em ingl\u00eas?<\/strong><\/p>\n<p>O seu filho ser\u00e1 avaliado v\u00e1rias vezes durante o ano por seu professor de ELL.\u00a0 Uma avalia\u00e7\u00e3o formal acontece no final do ano escolar entre abril e junho. Essa avalia\u00e7\u00e3o acontece na escola, durante um dia normal.<\/p>\n<p><strong>\u00a0<\/strong><\/p>\n<p><strong>Que tipo de apoio receber\u00e1 meu filho na escola?<\/strong><\/p>\n<p>Na escola, seu filho receber\u00e1 ajudar do seu professor de ELL. Essa ajudar pode ser individual ou em pequenos grupos. A professora de ELL e a professora da sala tamb\u00e9m podem colaborar juntas no processo de aprender ingl\u00eas.<\/p>\n","protected":false},"excerpt":{"rendered":"<p>Porque estou aqui? Essa avalia\u00e7\u00e3o servir\u00e1 para professoras saberem quanto seus filhos sabem ingl\u00eas. &nbsp; O que \u00e9 ELL? ELL \u00e9 uma sigla para English Language Learning, ou aprendendo idioma ingl\u00eas &nbsp; Em quanto tempo levara o meu filho para poder se comunicar em ingl\u00eas? Em m\u00e9dia, demora aproximadamente 7 anos para falar ingl\u00eas fluentemente. [&hellip;]<\/p>\n","protected":false},"author":8607,"featured_media":0,"parent":1998,"menu_order":0,"comment_status":"closed","ping_status":"closed","template":"","meta":[],"_links":{"self":[{"href":"https:\/\/blogs.sd41.bc.ca\/ell\/wp-json\/wp\/v2\/pages\/2193"}],"collection":[{"href":"https:\/\/blogs.sd41.bc.ca\/ell\/wp-json\/wp\/v2\/pages"}],"about":[{"href":"https:\/\/blogs.sd41.bc.ca\/ell\/wp-json\/wp\/v2\/types\/page"}],"author":[{"embeddable":true,"href":"https:\/\/blogs.sd41.bc.ca\/ell\/wp-json\/wp\/v2\/users\/8607"}],"replies":[{"embeddable":true,"href":"https:\/\/blogs.sd41.bc.ca\/ell\/wp-json\/wp\/v2\/comments?post=2193"}],"version-history":[{"count":1,"href":"https:\/\/blogs.sd41.bc.ca\/ell\/wp-json\/wp\/v2\/pages\/2193\/revisions"}],"predecessor-version":[{"id":2194,"href":"https:\/\/blogs.sd41.bc.ca\/ell\/wp-json\/wp\/v2\/pages\/2193\/revisions\/2194"}],"up":[{"embeddable":true,"href":"https:\/\/blogs.sd41.bc.ca\/ell\/wp-json\/wp\/v2\/pages\/1998"}],"wp:attachment":[{"href":"https:\/\/blogs.sd41.bc.ca\/ell\/wp-json\/wp\/v2\/media?parent=2193"}],"curies":[{"name":"wp","href":"https:\/\/api.w.org\/{rel}","templated":true}]}}