{"id":10442,"date":"2026-04-29T16:26:24","date_gmt":"2026-04-29T23:26:24","guid":{"rendered":"https:\/\/blogs.sd41.bc.ca\/south-library\/?page_id=10442"},"modified":"2026-04-30T08:24:40","modified_gmt":"2026-04-30T15:24:40","slug":"french-10-environment","status":"publish","type":"page","link":"http:\/\/blogs.sd41.bc.ca\/south-library\/french-10-environment\/","title":{"rendered":"French 10 Environment"},"content":{"rendered":"<p>April 29, 2026<\/p>\n<p><a href=\"http:\/\/Encyclop\u00e9die Universalis\" target=\"_blank\" rel=\"noopener\">BPL <\/a><span dir=\"auto\"><span class=\"VIpgJd-yAWNEb-VIpgJd-fmcmS-sn54Q\" dir=\"auto\">Encyclop\u00e9die Universalis &#8211; need BPL card &amp; your pin to access this resource<\/span><\/span><\/p>\n<p><a href=\"https:\/\/www.croixrouge.ca\/nos-champs-d-action\/urgences-et-catastrophes-au-canada\/types-d-urgence\/ouragan\/ouragans-informations-et-faits\" target=\"_blank\" rel=\"noopener\">Croix-Rouge canadienne<\/a> &#8211; different types of emergencies and what to do<\/p>\n<p class=\"css-b39t9s\"><span style=\"font-size: 12pt;\"><span style=\"color: #000000;\"><strong>\u00c9ruptions Volcaniques<br \/>\n<\/strong><\/span><span style=\"color: #000000;\">\u00c9ruptions Volcaniques &#8211; National Geographic<br \/>\n<a style=\"color: #000000;\" href=\"https:\/\/www.ifrc.org\/fr\/notre-travail\/catastrophes-climat-et-crises\/quest-ce-quune-catastrophe\/les-eruptions-volcaniques#:~:text=On%20parle%20d'%C3%A9ruption%20volcanique,hydrothermale%20et%20des%20min%C3%A9raux%20pr%C3%A9cieux.\" target=\"_blank\" rel=\"noopener\"><span class=\"field field--name-title field--type-string field--label-hidden\">Les \u00e9ruptions volcaniques<\/span><\/a> &#8211; IFRC<br \/>\n<a href=\"https:\/\/www.alloprof.qc.ca\/fr\/eleves\/bv\/sciences\/les-volcans-s1377\" target=\"_blank\" rel=\"noopener\">L&#8217;\u00e9ruption volcanique<\/a><\/span><\/span><\/p>\n<p id=\"content\" class=\"article-heading css-1yq37vr e1j37txl0\" tabindex=\"-1\"><strong><span style=\"font-size: 12pt;\">Ouragans<\/span><\/strong><br \/>\n<a href=\"https:\/\/www.bbc.com\/afrique\/articles\/crl2zp01zgzo\" target=\"_blank\" rel=\"noopener\"><span style=\"font-size: 12pt; color: #000000;\">Comment se forment les ouragans et deviennent-ils plus puissants? &#8211; BBC<\/span><\/a><br \/>\n<a href=\"https:\/\/www.malteser-international.org\/fr\/nos-themes\/catastrophes-naturelles\/cyclones-tropicaux-les-typhons-les-cyclones-et-les-ouragans-detruisent-les-moyens-de-subsistance.html\" target=\"_blank\" rel=\"noopener\"><span style=\"font-size: 12pt;\">Formation et puissance destructrice des ouragans, typhons et cyclones<\/span><\/a><span style=\"color: #000000;\">\u00a0<\/span><\/p>\n<p><strong>Tornades<\/strong><br \/>\n<a href=\"https:\/\/www.youtube.com\/watch?v=BSRScIRj8z0\" target=\"_blank\" rel=\"noopener\">Comment se forment les tornades<\/a> &#8211; 1:55 minute video from AFP<\/p>\n<p><a href=\"https:\/\/wwwobs.univ-bpclermont.fr\/atmos\/fr\/grand_public\/tornade.php\" target=\"_blank\" rel=\"noopener\">La Tornade &#8211; Observatoire de Physique du Globe de Clermont-Ferrand<\/a><br \/>\n<a href=\"https:\/\/www.croixrouge.ca\/nos-champs-d-action\/urgences-et-catastrophes-au-canada\/types-d-urgence\/tornades\" target=\"_blank\" rel=\"noopener\">Tornades &#8211; Croix-Rouge canadienne<\/a><br \/>\n<a href=\"https:\/\/www.canada.ca\/fr\/services\/police\/urgences\/protection\/preparez-vous\/risques-urgences\/tornades.html\" target=\"_blank\" rel=\"noopener\">Tornades &#8211; Gouvernement du Canada<\/a><\/p>\n<div><\/div>\n<div><strong>Temp\u00eates de neige<\/strong><\/div>\n<div><\/div>\n<div><\/div>\n<div><strong><strong>Temp\u00eates de verglas<br \/>\n<\/strong><\/strong><a href=\"https:\/\/thecanadianencyclopedia.ca\/index.php\/fr\/article\/la-crise-du-verglas-1998\" target=\"_blank\" rel=\"noopener\"><span style=\"font-size: 12pt;\">Temp\u00eate de verglas de 1998<\/span><\/a><\/div>\n<div><\/div>\n<div>\n<div><strong>Tremblements de terre<\/strong><br \/>\n<span style=\"font-size: 12pt;\"><a href=\"https:\/\/www.nationalgeographic.fr\/environnement\/2023\/02\/dou-viennent-les-tremblements-de-terre\" target=\"_blank\" rel=\"noopener\">D\u2019o\u00f9 viennent les tremblements de terre?<\/a> &#8211; National Geographic<br \/>\n<\/span><a href=\"https:\/\/thecanadianencyclopedia.ca\/fr\/article\/tremblement-de-terre\" target=\"_blank\" rel=\"noopener\">Tremblement de terre &#8211; L&#8217;Encyclopedie canadienne<\/a><br \/>\n<a href=\"https:\/\/seismo.ethz.ch\/fr\/knowledge\/faq\/what-causes-earthquakes\/\" target=\"_blank\" rel=\"noopener\">Quelles sont les causes de tremblements de terre?<\/a> &#8211; ETH Zurich<\/div>\n<div><\/div>\n<\/div>\n<div><\/div>\n<div>Tsunamis<\/div>\n<div><\/div>\n<div><strong>Typhons<\/strong><br \/>\n<a href=\"https:\/\/meteofrance.com\/actualites-et-dossiers\/comprendre-la-meteo\/ouragan-cyclone-ou-typhon\" target=\"_blank\" rel=\"noopener\"><span style=\"font-size: 12pt;\">Ouragan, cyclone ou typhon ? &#8211; Meteo France<\/span><\/a><br \/>\n<a href=\"https:\/\/www.lacsq.org\/actualites\/maux-de-la-langue\/cyclone-ouragan-typhon-et-tornade\/\" target=\"_blank\" rel=\"noopener\"><span style=\"font-size: 12pt;\">Cyclone, ouragan, typhon et tornade<\/span><\/a> &#8211; CSQ<\/div>\n<p>&nbsp;<\/p>\n","protected":false},"excerpt":{"rendered":"<p>April 29, 2026 BPL Encyclop\u00e9die Universalis &#8211; need BPL card &amp; your pin to access this resource Croix-Rouge canadienne &#8211; different types of emergencies and what to do \u00c9ruptions Volcaniques \u00c9ruptions Volcaniques &#8211; National Geographic Les \u00e9ruptions volcaniques &#8211; IFRC L&#8217;\u00e9ruption volcanique Ouragans Comment se forment les ouragans et deviennent-ils plus puissants? &#8211; BBC Formation &hellip; <\/p>\n<p class=\"link-more\"><a href=\"http:\/\/blogs.sd41.bc.ca\/south-library\/french-10-environment\/\" class=\"more-link\">Continue reading<span class=\"screen-reader-text\"> &#8220;French 10 Environment&#8221;<\/span><\/a><\/p>\n","protected":false},"author":70,"featured_media":0,"parent":0,"menu_order":0,"comment_status":"closed","ping_status":"closed","template":"","meta":[],"_links":{"self":[{"href":"http:\/\/blogs.sd41.bc.ca\/south-library\/wp-json\/wp\/v2\/pages\/10442"}],"collection":[{"href":"http:\/\/blogs.sd41.bc.ca\/south-library\/wp-json\/wp\/v2\/pages"}],"about":[{"href":"http:\/\/blogs.sd41.bc.ca\/south-library\/wp-json\/wp\/v2\/types\/page"}],"author":[{"embeddable":true,"href":"http:\/\/blogs.sd41.bc.ca\/south-library\/wp-json\/wp\/v2\/users\/70"}],"replies":[{"embeddable":true,"href":"http:\/\/blogs.sd41.bc.ca\/south-library\/wp-json\/wp\/v2\/comments?post=10442"}],"version-history":[{"count":9,"href":"http:\/\/blogs.sd41.bc.ca\/south-library\/wp-json\/wp\/v2\/pages\/10442\/revisions"}],"predecessor-version":[{"id":10444,"href":"http:\/\/blogs.sd41.bc.ca\/south-library\/wp-json\/wp\/v2\/pages\/10442\/revisions\/10444"}],"wp:attachment":[{"href":"http:\/\/blogs.sd41.bc.ca\/south-library\/wp-json\/wp\/v2\/media?parent=10442"}],"curies":[{"name":"wp","href":"https:\/\/api.w.org\/{rel}","templated":true}]}}