{"id":2022,"date":"2021-06-09T11:32:23","date_gmt":"2021-06-09T18:32:23","guid":{"rendered":"http:\/\/blogs.sd41.bc.ca\/ell\/?page_id=2022"},"modified":"2021-06-09T11:32:23","modified_gmt":"2021-06-09T18:32:23","slug":"faq-vietnamese","status":"publish","type":"page","link":"http:\/\/blogs.sd41.bc.ca\/ell\/welcome-centre-procedures\/frequently-asked-questions\/faq-vietnamese\/","title":{"rendered":"FAQ Vietnamese"},"content":{"rendered":"<p><strong><u>Trung T\u00e2m Ti\u00ea\u0301p \u0110o\u0301n \u2013 \u00a0Ca\u0301c C\u00e2u ho\u0309i Th\u01b0\u01a1\u0300ng g\u0103\u0323p<\/u><\/strong><strong><u> &#8211; Vietnamese<\/u><\/strong><\/p>\n<p><strong>Ta\u0323i sao t\u00f4i pha\u0309i \u0111\u00ea\u0301n \u0111\u00e2y?<\/strong><\/p>\n<p>Bu\u00f4\u0309i tr\u0103\u0301c nghi\u00ea\u0323m na\u0300y la\u0300 \u0111\u00ea\u0309 gia\u0301o vi\u00ean cu\u0309a con ba\u0323n bi\u00ea\u0301t \u0111\u01b0\u01a1\u0323c kha\u0309 n\u0103ng hi\u00ea\u0309u bi\u00ea\u0301t ti\u00ea\u0301ng Anh cu\u0309a con ba\u0323n la\u0300 bao nhi\u00eau.<\/p>\n<p><strong>ELL la\u0300 gi\u0300?<\/strong><\/p>\n<p>ELL la\u0300 vi\u00ea\u0301t t\u0103\u0301t cu\u0309a \u201cHo\u0323c t\u00e2\u0323p ti\u00ea\u0301ng Anh\u201d<\/p>\n<p><strong>Se\u0303 m\u00e2\u0301t bao l\u00e2u thi\u0300 con t\u00f4i m\u01a1\u0301i th\u00f4ng tha\u0323o ti\u00ea\u0301ng Anh?<\/strong><\/p>\n<p>Trung bi\u0300nh, thi\u0300 co\u0301 th\u00ea\u0309 khoa\u0309n 7 n\u0103m.<\/p>\n<p>Th\u01b0\u01a1\u0300ng thi\u0300 ng\u00f4n ng\u01b0\u0303 du\u0300ng xa\u0303 giao se\u0303 pha\u0301t tri\u00ea\u0309n tr\u01b0\u01a1\u0301c va\u0300 ng\u00f4n ng\u01b0\u0303 ho\u0323c thu\u00e2\u0323t se\u0303 m\u00e2\u0301t th\u01a1\u0300i gian l\u00e2u h\u01a1n \u0111\u00ea\u0309 pha\u0301t tri\u00ea\u0309n.<\/p>\n<p><strong>S\u01b0\u0323 kha\u0301c bi\u00ea\u0323t gi\u01b0\u0303a ng\u00f4n ng\u01b0\u0303 du\u0300ng xa\u0303 giao va\u0300 ng\u00f4n ng\u01b0\u0303 trong ho\u0323c thu\u00e2\u0323t nh\u01b0 th\u00ea\u0301 na\u0300o?<\/strong><\/p>\n<p>Ng\u00f4n ng\u01b0\u0303 du\u0300ng xa\u0303 giao la\u0300 ng\u00f4n ng\u01b0\u0303 chu\u0301ng ta du\u0300ng h\u0103\u0300ng nga\u0300y \u0111\u00ea\u0309 no\u0301i chuy\u00ea\u0323n v\u01a1\u0301i gia \u0111i\u0300nh va\u0300 ba\u0323n be\u0300.<\/p>\n<p>Ng\u00f4n ng\u01b0\u0303 trong ho\u0323c thu\u00e2\u0323t la\u0300 ng\u00f4n ng\u01b0\u0303 chu\u0301ng ta du\u0300ng \u0111\u00ea\u0309 \u0111o\u0323c va\u0300 vi\u00ea\u0301t \u01a1\u0309 tr\u01b0\u01a1\u0300ng ho\u0323c.<\/p>\n<p><strong>Ta\u0323i sao ca\u0301i vi\u00ea\u0323c con t\u00f4i ti\u00ea\u0301p tu\u0323c no\u0301i ti\u00ea\u0301ng me\u0323 \u0111e\u0309 \u01a1\u0309 nha\u0300<\/strong> <strong>la\u0300<\/strong> <strong>quan tro\u0323ng ?<\/strong><\/p>\n<p>Khi tre\u0309 em tha\u0300nh tha\u0323o ti\u00ea\u0301ng me\u0323 \u0111e\u0309 no\u0301 se\u0303 giu\u0301p cho em ho\u0323c ng\u00f4n ng\u01b0\u0303 kha\u0301c nh\u01b0 ti\u00ea\u0301ng Anh d\u00ea\u0309 h\u01a1n.\u00a0 Quan tro\u0323ng h\u01a1n, giu\u0301p tre\u0309 no\u0301i \u0111\u01b0\u01a1\u0323c ti\u00ea\u0301ng me\u0323 \u0111e\u0309 se\u0303 giu\u0301p con cu\u0309a ba\u0323n g\u0103\u0301n bo\u0301 v\u01a1\u0301i n\u00ea\u0300n v\u0103n ho\u0301a cu\u0309a minh, gia \u0111i\u0300nh va\u0300 ho\u0323 ha\u0300ng.<\/p>\n<p><strong>La\u0300m th\u00ea\u0301 na\u0300o t\u00f4i co\u0301 th\u00ea\u0309 h\u00f4\u0309 tr\u01a1\u0323 con t\u00f4i ho\u0323c ti\u00ea\u0301ng Anh \u01a1\u0309 nha\u0300?<\/strong><\/p>\n<p>Ba\u0323n co\u0301 th\u00ea\u0309 h\u00f4\u0309 tr\u01a1\u0323 con mi\u0300nh b\u0103\u0300ng ca\u0301ch ti\u00ea\u0301p tu\u0323c no\u0301i v\u01a1\u0301i chu\u0301ng b\u0103\u0300ng ti\u00ea\u0301ng me\u0323 \u0111e\u0309.\u00a0 Tu\u0300y theo l\u01b0\u0301a tu\u00f4\u0309i va\u0300 tri\u0300nh \u0111\u00f4\u0323 ti\u00ea\u0301ng Anh cu\u0309a con ba\u0323n, ba\u0323n co\u0301 th\u00ea\u0309 cu\u0300ng \u0111o\u0323c v\u01a1\u0301i con nh\u01b0\u0303ng sa\u0301ch co\u0301 hai th\u01b0\u0301 ti\u00ea\u0301ng. N\u00ea\u0301u ba\u0323n mu\u00f4\u0301n ki\u00ea\u0301m nh\u01b0\u0303ng sa\u0301ch v\u01a1\u0301i hai th\u01b0\u0301 ti\u00ea\u0301ng v\u01a1\u0301i c\u00e2\u0301p \u0111\u00f4\u0323 d\u00ea\u0309, ba\u0323n co\u0301 th\u00ea\u0309 ti\u0300m th\u00e2\u0301y \u01a1\u0309 trang ma\u0323ng <a href=\"http:\/\/www.storybookscanada.ca\">www.storybookscanada.ca<\/a> .\u00a0 Th\u01b0 vi\u00ea\u0323n c\u00f4ng c\u00f4\u0323ng Burnaby cu\u0303ng co\u0301 nh\u01b0\u0303ng loa\u0323i sa\u0301ch v\u01a1\u0301i hai ng\u00f4n ng\u01b0\u0303, va\u0300 cu\u0303ng co\u0301 sa\u0301ch \u0111a ng\u00f4n ng\u01b0\u0303.<\/p>\n<p><strong>Khi na\u0300o thi\u0300 con t\u00f4i se\u0309 \u0111\u01b0\u01a1\u0323c ki\u00ea\u0309m tra la\u0323i s\u01b0\u0323 tha\u0300nh tha\u0323o ng\u00f4n ng\u01b0\u0303?<\/strong><\/p>\n<p>Con ba\u0323n se\u0309 \u0111\u01b0\u01a1\u0323c chi\u0301nh gia\u0301o vi\u00ean ELL cu\u0309a ca\u0301c em \u0111a\u0301nh gia\u0301 th\u01b0\u01a1\u0300ng xuy\u00ean.\u00a0 K\u00ea\u0301 \u0111o\u0301, cu\u00f4\u0301i m\u00f4\u0303i n\u0103m ho\u0323c se\u0303 co\u0301 m\u00f4\u0323t cu\u00f4\u0323c <span style=\"text-decoration: line-through;\">\u0111<\/span>a\u0301nh gia\u0301 chi\u0301nh th\u01b0\u0301c, th\u01b0\u01a1\u0300ng la\u0300 t\u01b0\u0300 gi\u01b0\u0303a tha\u0301ng T\u01b0 \u0111\u00ea\u0301n tha\u0301ng Sa\u0301u.\u00a0 Cu\u00f4\u0323c \u0111a\u0301nh gia\u0301 cu\u00f4\u0301i n\u0103m na\u0300y se\u0309 xa\u0309y ra \u01a1\u0309 tr\u01b0\u01a1\u0300ng cu\u0309a con ba\u0323n trong nga\u0300y ho\u0323c bi\u0300nh th\u01b0\u01a1\u0300ng.<\/p>\n<p><strong>Con t\u00f4i se\u0303 \u0111\u01b0\u01a1\u0323c nha\u0300 tr\u01b0\u01a1\u0300ng h\u00f4\u0309 tr\u01a1\u0323 nh\u01b0 th\u00ea\u0301 na\u0300o?<\/strong><\/p>\n<p>Con ba\u0323n se\u0303 nh\u00e2\u0323n \u0111\u01b0\u01a1\u0323c s\u01b0\u0323 giu\u0301p \u0111\u01a1\u0303 ho\u0323c ti\u00ea\u0301ng Anh t\u01b0\u0300 m\u00f4\u0323t gia\u0301o vi\u00ean da\u0323y ti\u00ea\u0301ng Anh.\u00a0 Gia\u0301o vi\u00ean co\u0301 th\u00ea\u0309 giu\u0301p \u0111\u01a1\u0303 ngay \u0111ang trong l\u01a1\u0301p ho\u0323c ho\u0103\u0323c trong m\u00f4\u0323t nho\u0301m nho\u0309.\u00a0 Gia\u0301o vi\u00ean da\u0323y ti\u00ea\u0301ng Anh va\u0300 gia\u0301o vi\u00ean <span style=\"text-decoration: line-through;\">\u0111<\/span>\u01b0\u0301ng l\u01a1\u0301p tha\u0309o lu\u00e2\u0323n va\u0300 la\u0300m vi\u00ea\u0323c v\u01a1\u0301i nhau \u0111\u00ea\u0309 ti\u0300m nh\u01b0\u0303ng ph\u01b0\u01a1ng ca\u0301ch h\u00f4\u0309 tr\u01a1\u0323 con ba\u0323n.<\/p>\n","protected":false},"excerpt":{"rendered":"<p>Trung T\u00e2m Ti\u00ea\u0301p \u0110o\u0301n \u2013 \u00a0Ca\u0301c C\u00e2u ho\u0309i Th\u01b0\u01a1\u0300ng g\u0103\u0323p &#8211; Vietnamese Ta\u0323i sao t\u00f4i pha\u0309i \u0111\u00ea\u0301n \u0111\u00e2y? Bu\u00f4\u0309i tr\u0103\u0301c nghi\u00ea\u0323m na\u0300y la\u0300 \u0111\u00ea\u0309 gia\u0301o vi\u00ean cu\u0309a con ba\u0323n bi\u00ea\u0301t \u0111\u01b0\u01a1\u0323c kha\u0309 n\u0103ng hi\u00ea\u0309u bi\u00ea\u0301t ti\u00ea\u0301ng Anh cu\u0309a con ba\u0323n la\u0300 bao nhi\u00eau. ELL la\u0300 gi\u0300? ELL la\u0300 vi\u00ea\u0301t t\u0103\u0301t cu\u0309a \u201cHo\u0323c t\u00e2\u0323p ti\u00ea\u0301ng Anh\u201d [&hellip;]<\/p>\n","protected":false},"author":8607,"featured_media":0,"parent":1998,"menu_order":0,"comment_status":"closed","ping_status":"closed","template":"","meta":[],"_links":{"self":[{"href":"http:\/\/blogs.sd41.bc.ca\/ell\/wp-json\/wp\/v2\/pages\/2022"}],"collection":[{"href":"http:\/\/blogs.sd41.bc.ca\/ell\/wp-json\/wp\/v2\/pages"}],"about":[{"href":"http:\/\/blogs.sd41.bc.ca\/ell\/wp-json\/wp\/v2\/types\/page"}],"author":[{"embeddable":true,"href":"http:\/\/blogs.sd41.bc.ca\/ell\/wp-json\/wp\/v2\/users\/8607"}],"replies":[{"embeddable":true,"href":"http:\/\/blogs.sd41.bc.ca\/ell\/wp-json\/wp\/v2\/comments?post=2022"}],"version-history":[{"count":1,"href":"http:\/\/blogs.sd41.bc.ca\/ell\/wp-json\/wp\/v2\/pages\/2022\/revisions"}],"predecessor-version":[{"id":2023,"href":"http:\/\/blogs.sd41.bc.ca\/ell\/wp-json\/wp\/v2\/pages\/2022\/revisions\/2023"}],"up":[{"embeddable":true,"href":"http:\/\/blogs.sd41.bc.ca\/ell\/wp-json\/wp\/v2\/pages\/1998"}],"wp:attachment":[{"href":"http:\/\/blogs.sd41.bc.ca\/ell\/wp-json\/wp\/v2\/media?parent=2022"}],"curies":[{"name":"wp","href":"https:\/\/api.w.org\/{rel}","templated":true}]}}