{"id":2010,"date":"2021-06-09T10:47:42","date_gmt":"2021-06-09T17:47:42","guid":{"rendered":"http:\/\/blogs.sd41.bc.ca\/ell\/?page_id=2010"},"modified":"2021-06-09T10:48:10","modified_gmt":"2021-06-09T17:48:10","slug":"faq-kurdish","status":"publish","type":"page","link":"http:\/\/blogs.sd41.bc.ca\/ell\/welcome-centre-procedures\/frequently-asked-questions\/faq-kurdish\/","title":{"rendered":"FAQ Kurdish"},"content":{"rendered":"<p><strong>Kurdish: Kurmanc\u00ee<\/strong><strong>\u200e<\/strong><\/p>\n<p><strong>C\u00eehe Bex<\/strong><strong>\u00ea<\/strong><strong>rhat\u00een- Gelek Pirs<\/strong><strong>\u00ea<\/strong><strong> ten Pirsi<\/strong><\/p>\n<p><strong>Ji bo \u00e7i ez li vir im?<\/strong><br \/>\nEv pirs \u00fb bersiv y\u00ean bibin al\u00eekar ji bo mamostey\u00ea zarok\u00ean we ku Ingl\u00ees\u00eeya zarok\u00ean we di \u00e7i astek\u00ea da ye.<\/p>\n<p><strong>Wateya ELL \u00e7i ye?<\/strong><br \/>\nELL ango h\u00eenb\u00fbna ziman\u00ea Ingl\u00ees\u00ee.<\/p>\n<p><strong>\u00c7i demek\u00ea da y\u00ea zarok\u00ea min bibe pispor li ziman\u00ea Ingl\u00ees\u00ee da?<br \/>\n<\/strong>Di navaser\u00ea da heft salan digire.<br \/>\nDi destp\u00eak\u00ea zarok h\u00een\u00ee ziman\u00ea civak\u00ee\u00a0\u00fb pa\u015f\u00ee demek\u00ea f\u00ear\u00ee Ingl\u00ees\u00eeya akadem\u00eek dibin.<\/p>\n<p><strong>C\u00eeyawaz\u00eeya di navbera ziman\u00ea civak\u00ee \u00fb akadem\u00eek \u00e7i ye? <\/strong><\/p>\n<p>Ziman\u00ea civak\u00ee zimaneke,ku em her roj li gel heval \u00fb malbat\u00ea bi kar t\u00eenin l\u00ea ziman\u00ea akadem\u00eek em li niv\u00ees \u00fb xwendin\u00ea di dibistan \u00fb zan\u00eengeh\u00ea da bi kar t\u00eenin.<\/p>\n<p><strong>Giring\u00eeya peyv\u00een bi ziman\u00ea zikmak\u00ee li mal da \u00e7i ye?<\/strong><br \/>\nPisporb\u00fbn li ziman\u00ea zikmak\u00ee da al\u00eekar\u00eeya zarokan dike ku bikarin ziman\u00ean din j\u00ee bi asan\u00ee f\u00ear bibin \u00fb her wisa dibe sedema n\u00eaz\u00eekat\u00eeya zarokan li gel malbata d\u00fbr \u00fb n\u00eaz\u00eek, \u00e7and \u00fb kolt\u00fbra wan.<\/p>\n<p><strong>Ez \u00e7awa dikarim bibim al\u00eekar ji bo Ingl\u00ees\u00eeya zarok\u00ean xwe di mal da?<\/strong><br \/>\nTu dikar\u00ee ji bo al\u00eekar\u00eeya zarok\u00ean xwe di mal da bi ziman\u00ea zikmak\u00ee li gel zaok\u00ean xwe bipeyv\u00ee \u00fb her wisa li gorey\u00ee temen\u00ea zarok\u00ean xwe \u00fb asta ingl\u00ees\u00eeya wan tu dikar\u00ee pirt\u00fbk\u00ean ku bi her du ziman\u00ean zikmak\u00eey\u00ea te \u00fb ingl\u00ees\u00ee ne ji bo zarok\u00ean xwe bixw\u00een\u00ee. tu dikar\u00ee wan pirt\u00fbkan li ser malpera\u00a0<a href=\"http:\/\/www.storybookscanada.ca\/\">www.storybookscanada.ca<\/a>, Burnaby public library be\u015fa duzimane peyda bik\u00ee.<\/p>\n<p><strong>Keng\u00ee y\u00ea asta ingl\u00ees\u00eeya zarok\u00ean min carek din b\u00eate ceribandin?<\/strong><br \/>\nZarok\u00ean te y\u00ea di dem\u00ean d\u00eeyarkir\u00ee li al\u00eey\u00ea mamostey\u00ea wan y\u00ea ELL ve b\u00eane ceribandin, \u00fb her wisa di daw\u00eeya her sal\u00ea y\u00ea bi awayeke ferm\u00ee bikevine ezm\u00fbn\u00ea.di navbera n\u00eesan heya p\u00fb\u015fper\u00ea li dibistana zarok\u00ean we da zarok y\u00ea bikevine ezm\u00fbn\u00ea.<\/p>\n<p><strong>di dibistan\u00ea da y\u00ea \u00e7awa al\u00eekar\u00eeya zarok\u00ean min bikin?<\/strong><br \/>\nDi dibistan\u00ea da y\u00ea al\u00eekar\u00eeya zarok\u00ean te bikin li war\u00ea f\u00earb\u00fbna ziman\u00ea ingl\u00ees\u00ee ve, ew al\u00eekar\u00ee y\u00ea li al\u00eey\u00ea mamotey\u00ea ELL an j\u00ee di nav kom\u00ean provekirin\u00ea di dibistan\u00ea de b\u00ea kirin.<\/p>\n","protected":false},"excerpt":{"rendered":"<p>Kurdish: Kurmanc\u00ee\u200e C\u00eehe Bex\u00earhat\u00een- Gelek Pirs\u00ea ten Pirsi Ji bo \u00e7i ez li vir im? Ev pirs \u00fb bersiv y\u00ean bibin al\u00eekar ji bo mamostey\u00ea zarok\u00ean we ku Ingl\u00ees\u00eeya zarok\u00ean we di \u00e7i astek\u00ea da ye. Wateya ELL \u00e7i ye? ELL ango h\u00eenb\u00fbna ziman\u00ea Ingl\u00ees\u00ee. \u00c7i demek\u00ea da y\u00ea zarok\u00ea min bibe pispor li ziman\u00ea [&hellip;]<\/p>\n","protected":false},"author":8607,"featured_media":0,"parent":1998,"menu_order":0,"comment_status":"closed","ping_status":"closed","template":"","meta":[],"_links":{"self":[{"href":"http:\/\/blogs.sd41.bc.ca\/ell\/wp-json\/wp\/v2\/pages\/2010"}],"collection":[{"href":"http:\/\/blogs.sd41.bc.ca\/ell\/wp-json\/wp\/v2\/pages"}],"about":[{"href":"http:\/\/blogs.sd41.bc.ca\/ell\/wp-json\/wp\/v2\/types\/page"}],"author":[{"embeddable":true,"href":"http:\/\/blogs.sd41.bc.ca\/ell\/wp-json\/wp\/v2\/users\/8607"}],"replies":[{"embeddable":true,"href":"http:\/\/blogs.sd41.bc.ca\/ell\/wp-json\/wp\/v2\/comments?post=2010"}],"version-history":[{"count":1,"href":"http:\/\/blogs.sd41.bc.ca\/ell\/wp-json\/wp\/v2\/pages\/2010\/revisions"}],"predecessor-version":[{"id":2011,"href":"http:\/\/blogs.sd41.bc.ca\/ell\/wp-json\/wp\/v2\/pages\/2010\/revisions\/2011"}],"up":[{"embeddable":true,"href":"http:\/\/blogs.sd41.bc.ca\/ell\/wp-json\/wp\/v2\/pages\/1998"}],"wp:attachment":[{"href":"http:\/\/blogs.sd41.bc.ca\/ell\/wp-json\/wp\/v2\/media?parent=2010"}],"curies":[{"name":"wp","href":"https:\/\/api.w.org\/{rel}","templated":true}]}}